{"id":193,"date":"2017-02-27T09:53:34","date_gmt":"2017-02-27T09:53:34","guid":{"rendered":"https:\/\/demo-storage.com\/pm\/wp\/vincent\/?page_id=193"},"modified":"2020-09-17T21:20:18","modified_gmt":"2020-09-17T19:20:18","slug":"about-2","status":"publish","type":"page","link":"https:\/\/pizza-factory.hr\/?page_id=193","title":{"rendered":"O nama"},"content":{"rendered":"<p>[vc_row gap=&#8221;15&#8243; css=&#8221;.vc_custom_1488792976044{margin-bottom: 58px !important;}&#8221;][vc_column width=&#8221;1\/2&#8243; css=&#8221;.vc_custom_1488460104042{padding-right: 15px !important;}&#8221;][vc_single_image image=&#8221;2062&#8243; img_size=&#8221;large&#8221;][\/vc_column][vc_column width=&#8221;1\/2&#8243; css=&#8221;.vc_custom_1488460118448{padding-left: 15px !important;}&#8221;][vc_single_image image=&#8221;2061&#8243; img_size=&#8221;large&#8221;][\/vc_column][\/vc_row][vc_row][vc_column][vc_custom_heading text=&#8221;Pizza Factory&#8221; font_container=&#8221;tag:h2|text_align:center&#8221; use_theme_fonts=&#8221;yes&#8221;][vc_custom_heading text=&#8221;Pe\u010denje obi\u010dnih pizza uop\u0107e nije na\u0161 stil, mi vam \u017eelimo priu\u0161titi istinski do\u017eivljaj. Pizza je puno vi\u0161e od brzog obroka koji \u0107ete ugurati izme\u0111u dva sastanka, za nas pizza je pravo gurmansko iskustvo. Dopustite da vam poka\u017eemo.&#8221; font_container=&#8221;tag:h6|text_align:center|line_height:32px&#8221; use_theme_fonts=&#8221;yes&#8221; css=&#8221;.vc_custom_1600370406400{margin-bottom: 40px !important;padding-right: 0px !important;padding-left: 0px !important;}&#8221;][vc_single_image image=&#8221;221&#8243; img_size=&#8221;full&#8221; alignment=&#8221;center&#8221; css=&#8221;.vc_custom_1488793314360{margin-bottom: 20px !important;}&#8221;][vc_column_text css=&#8221;.vc_custom_1600370416569{margin-bottom: 43px !important;padding-right: 0px !important;padding-left: 0px !important;}&#8221;]<\/p>\n<p style=\"text-align: center;\">S vi\u0161e od 20 godina iskustva vrlo dobro prepoznajemo \u017eelje i potrebe na\u0161ih kupaca. Ne povodimo se za trendovima, mi ih stvaramo. U na\u0161oj kuhinji nastaju pizze iz kru\u0161ne pe\u0107i uz izvorne ALL CROATIAN namirnice. Sastojci dolaze od doma\u0107ih proizvo\u0111a\u010da i lokalnih OPG obrtnika, a pizze ponosno serviramo i dostavljamo brzo, uz osmijeh, naravno. Bez obzira \u0161to odabrali s jelovnika, sigurni smo da \u0107ete u\u017eivati u svakom zalogaju.<\/p>\n<p>[\/vc_column_text][\/vc_column][\/vc_row][vc_row full_width=&#8221;stretch_row&#8221; equal_height=&#8221;yes&#8221; css=&#8221;.vc_custom_1490180976136{margin-top: 0px !important;margin-right: 0px !important;margin-bottom: 0px !important;margin-left: 0px !important;padding-top: 0px !important;padding-right: 0px !important;padding-bottom: 0px !important;padding-left: 0px !important;}&#8221;][vc_column width=&#8221;1\/3&#8243; css=&#8221;.vc_custom_1516368296180{padding-top: 0px !important;padding-right: 0px !important;padding-bottom: 0px !important;padding-left: 0px !important;background-image: url(https:\/\/demo-storage.com\/pm\/wp\/vincent\/wp-content\/uploads\/2017\/02\/img_1.jpg?id=358) !important;background-position: center !important;background-repeat: no-repeat !important;background-size: cover !important;}&#8221;][\/vc_column][vc_column width=&#8221;1\/3&#8243; css=&#8221;.vc_custom_1488806059363{padding-top: 0px !important;padding-right: 0px !important;padding-bottom: 0px !important;padding-left: 0px !important;}&#8221;][pm_vc_custom_button button_text=&#8221;Pogledajte menu&#8221; button_type=&#8221;colored&#8221; button_icon=&#8221;&#8221; text_color=&#8221;#121618&#8243; hover_bg_color=&#8221;&#8221; button_icon_status=&#8221;true&#8221;][\/vc_column][vc_column width=&#8221;1\/3&#8243; css=&#8221;.vc_custom_1516368389968{padding-top: 0px !important;padding-right: 0px !important;padding-bottom: 0px !important;padding-left: 0px !important;background-image: url(https:\/\/demo-storage.com\/pm\/wp\/vincent\/wp-content\/uploads\/2017\/04\/21.jpg?id=1194) !important;background-position: center !important;background-repeat: no-repeat !important;background-size: cover !important;}&#8221;][\/vc_column][\/vc_row][vc_row full_width=&#8221;stretch_row&#8221; equal_height=&#8221;yes&#8221; css=&#8221;.vc_custom_1490180976136{margin-top: 0px !important;margin-right: 0px !important;margin-bottom: 0px !important;margin-left: 0px !important;padding-top: 0px !important;padding-right: 0px !important;padding-bottom: 0px !important;padding-left: 0px !important;}&#8221;][vc_column width=&#8221;1\/3&#8243; css=&#8221;.vc_custom_1516368296180{padding-top: 0px !important;padding-right: 0px !important;padding-bottom: 0px !important;padding-left: 0px !important;background-image: url(https:\/\/demo-storage.com\/pm\/wp\/vincent\/wp-content\/uploads\/2017\/02\/img_1.jpg?id=358) !important;background-position: center !important;background-repeat: no-repeat !important;background-size: cover !important;}&#8221;][vc_empty_space height=&#8221;300px&#8221;][\/vc_column][vc_column width=&#8221;1\/3&#8243; css=&#8221;.vc_custom_1488806059363{padding-top: 0px !important;padding-right: 0px !important;padding-bottom: 0px !important;padding-left: 0px !important;}&#8221;][pm_vc_iconbox icon_image_type=&#8221;361&#8243; iconbox_heading=&#8221;Kvalitetni sastojci&#8221; iconbox_text=&#8221;Svaka namirnica sti\u017ee od doma\u0107ih i lokalnih OPG-a.&#8221; iconbox_heading_color=&#8221;#ffffff&#8221; iconbox_text_color=&#8221;#dce4e8&#8243; iconbox_bg_color=&#8221;#1d2326&#8243; custom_css=&#8221;.vc_custom_1599514655516{margin-bottom: 0px !important;padding-top: 115px !important;padding-right: 100px !important;padding-bottom: 156px !important;padding-left: 100px !important;}&#8221;][\/vc_column][vc_column width=&#8221;1\/3&#8243; css=&#8221;.vc_custom_1516368389968{padding-top: 0px !important;padding-right: 0px !important;padding-bottom: 0px !important;padding-left: 0px !important;background-image: url(https:\/\/demo-storage.com\/pm\/wp\/vincent\/wp-content\/uploads\/2017\/04\/21.jpg?id=1194) !important;background-position: center !important;background-repeat: no-repeat !important;background-size: cover !important;}&#8221;][vc_empty_space height=&#8221;300px&#8221;][\/vc_column][\/vc_row][vc_row full_width=&#8221;stretch_row&#8221; equal_height=&#8221;yes&#8221; css=&#8221;.vc_custom_1490181139034{margin-top: 0px !important;margin-right: 0px !important;margin-bottom: 0px !important;margin-left: 0px !important;padding-top: 0px !important;padding-right: 0px !important;padding-bottom: 0px !important;padding-left: 0px !important;}&#8221;][vc_column width=&#8221;1\/3&#8243; css=&#8221;.vc_custom_1488806051517{padding-top: 0px !important;padding-right: 0px !important;padding-bottom: 0px !important;padding-left: 0px !important;}&#8221;][pm_vc_iconbox icon_image_type=&#8221;360&#8243; iconbox_heading=&#8221;Originalna receptura&#8221; iconbox_text=&#8221;U\u017eivajte u pizzi s originalnim, hrvatskim potpisom.&#8221; iconbox_heading_color=&#8221;#ffffff&#8221; iconbox_text_color=&#8221;#dce4e8&#8243; iconbox_bg_color=&#8221;#1d2326&#8243; custom_css=&#8221;.vc_custom_1599514671242{margin-bottom: 0px !important;padding-top: 115px !important;padding-right: 100px !important;padding-bottom: 156px !important;padding-left: 100px !important;}&#8221;][\/vc_column][vc_column width=&#8221;1\/3&#8243; css=&#8221;.vc_custom_1516368397174{padding-top: 0px !important;padding-right: 0px !important;padding-bottom: 0px !important;padding-left: 0px !important;background-image: url(https:\/\/demo-storage.com\/pm\/wp\/vincent\/wp-content\/uploads\/2017\/04\/19.jpg?id=1192) !important;background-position: center !important;background-repeat: no-repeat !important;background-size: cover !important;}&#8221;][vc_empty_space height=&#8221;300px&#8221;][\/vc_column][vc_column width=&#8221;1\/3&#8243; css=&#8221;.vc_custom_1488806067635{padding-top: 0px !important;padding-right: 0px !important;padding-bottom: 0px !important;padding-left: 0px !important;}&#8221;][pm_vc_iconbox icon_image_type=&#8221;359&#8243; iconbox_heading=&#8221;Brza dostava&#8221; iconbox_text=&#8221;Zovemo se Pizza Factory i na\u0161u dostavu sigurno ne\u0107ete \u010dekati satima.&#8221; iconbox_heading_color=&#8221;#ffffff&#8221; iconbox_text_color=&#8221;#dce4e8&#8243; iconbox_bg_color=&#8221;#1d2326&#8243; custom_css=&#8221;.vc_custom_1599514693387{margin-bottom: 0px !important;padding-top: 115px !important;padding-right: 100px !important;padding-bottom: 156px !important;padding-left: 100px !important;}&#8221;][\/vc_column][\/vc_row][vc_row full_width=&#8221;stretch_row&#8221; parallax=&#8221;content-moving&#8221; parallax_image=&#8221;309&#8243; css=&#8221;.vc_custom_1488880276489{margin-bottom: 65px !important;padding-top: 63px !important;padding-bottom: 67px !important;}&#8221;][vc_column width=&#8221;1\/3&#8243;][pm_vc_counter counter_count=&#8221;20&#8243; counter_title=&#8221;godina iskustva&#8221; counter_count_color=&#8221;#121618&#8243; counter_title_color=&#8221;#121618&#8243;][\/vc_column][vc_column width=&#8221;1\/3&#8243;][pm_vc_counter counter_count=&#8221;100&#8243; counter_title=&#8221;posto sastojaka hrvatskog podrijetla&#8221; counter_icon=&#8221;&#8221; counter_count_color=&#8221;#121618&#8243; counter_title_color=&#8221;#121618&#8243; counter_icon_status=&#8221;true&#8221;][\/vc_column][vc_column width=&#8221;1\/3&#8243;][pm_vc_counter counter_count=&#8221;23&#8243; counter_title=&#8221;pizze na meniju&#8221; counter_count_color=&#8221;#121618&#8243; counter_title_color=&#8221;#121618&#8243;][\/vc_column][\/vc_row][vc_row full_width=&#8221;stretch_row_content&#8221; css=&#8221;.vc_custom_1488897734427{margin-bottom: 9px !important;}&#8221;][vc_column css=&#8221;.vc_custom_1488891139949{padding-right: 30px !important;padding-left: 90px !important;}&#8221;][vc_custom_heading text=&#8221;&#8221; font_container=&#8221;tag:h2|text_align:center&#8221; use_theme_fonts=&#8221;yes&#8221; css=&#8221;.vc_custom_1599856364178{margin-bottom: 56px !important;margin-left: -60px !important;}&#8221;][vc_masonry_media_grid element_width=&#8221;3&#8243; gap=&#8221;60&#8243; grid_id=&#8221;vc_gid:1600370394141-d934de7c-b8ec-3&#8243; include=&#8221;2064,2071,2070,2065,2072,2066,2069,2068&#8243;][\/vc_column][\/vc_row][vc_row full_width=&#8221;stretch_row_content_no_spaces&#8221;][vc_column width=&#8221;1\/3&#8243; css=&#8221;.vc_custom_1489070071832{padding-top: 102px !important;padding-right: 100px !important;padding-bottom: 70px !important;padding-left: 100px !important;background-image: url(https:\/\/demo-storage.com\/pm\/wp\/vincent\/wp-content\/uploads\/2017\/02\/back_1.jpg?id=247) !important;background-position: center !important;background-repeat: no-repeat !important;background-size: cover !important;}&#8221;][\/vc_column][vc_column width=&#8221;1\/3&#8243;][vc_custom_heading text=&#8221;IN HOUSE loyalty program&#8221; font_container=&#8221;tag:h6|text_align:center|color:%23121618&#8243; use_theme_fonts=&#8221;yes&#8221; css=&#8221;.vc_custom_1600203893660{margin-bottom: 22px !important;}&#8221;][vc_custom_heading text=&#8221;\u010ce\u0161\u0107e navrati, vi\u0161e se isplati!&#8221; font_container=&#8221;tag:h1|text_align:center&#8221; use_theme_fonts=&#8221;yes&#8221; css=&#8221;.vc_custom_1600203883579{margin-bottom: 44px !important;}&#8221;][vc_single_image image=&#8221;221&#8243; img_size=&#8221;full&#8221; alignment=&#8221;center&#8221; css=&#8221;.vc_custom_1600203818854{margin-bottom: 55px !important;}&#8221;][vc_column_text]<\/p>\n<p style=\"text-align: center;\">Svaki put kad pizzu naru\u010dite u pizzeriji, dobivate odgovaraju\u0107u naljepnicu. Skupite odre\u0111eni broj naljepnica i birate sljede\u0107u pizzu po izboru &#8211; BESPLATNO! \ud83d\ude42<\/p>\n<p style=\"text-align: center;\">Mala napomena &#8211; loyalty ponuda vrijedi isklju\u010divo za konzumaciju u pizzeriji.<\/p>\n<p>[\/vc_column_text][\/vc_column][vc_column width=&#8221;1\/3&#8243;][\/vc_column][\/vc_row]<\/p>\n","protected":false},"excerpt":{"rendered":"<p>[vc_row gap=&#8221;15&#8243; css=&#8221;.vc_custom_1488792976044{margin-bottom: 58px !important;}&#8221;][vc_column width=&#8221;1\/2&#8243; css=&#8221;.vc_custom_1488460104042{padding-right: 15px !important;}&#8221;][vc_single_image image=&#8221;2062&#8243; img_size=&#8221;large&#8221;][\/vc_column][vc_column width=&#8221;1\/2&#8243; css=&#8221;.vc_custom_1488460118448{padding-left: 15px !important;}&#8221;][vc_single_image image=&#8221;2061&#8243; img_size=&#8221;large&#8221;][\/vc_column][\/vc_row][vc_row][vc_column][vc_custom_heading text=&#8221;Pizza Factory&#8221; font_container=&#8221;tag:h2|text_align:center&#8221; use_theme_fonts=&#8221;yes&#8221;][vc_custom_heading text=&#8221;Pe\u010denje obi\u010dnih pizza uop\u0107e nije na\u0161 stil, mi vam \u017eelimo priu\u0161titi istinski do\u017eivljaj. Pizza je puno vi\u0161e od brzog obroka koji \u0107ete ugurati izme\u0111u dva sastanka, za nas pizza je pravo gurmansko iskustvo. Dopustite [&hellip;]<\/p>\n","protected":false},"author":1,"featured_media":0,"parent":0,"menu_order":0,"comment_status":"closed","ping_status":"closed","template":"","meta":{"footnotes":""},"class_list":["post-193","page","type-page","status-publish","hentry"],"_links":{"self":[{"href":"https:\/\/pizza-factory.hr\/index.php?rest_route=\/wp\/v2\/pages\/193","targetHints":{"allow":["GET"]}}],"collection":[{"href":"https:\/\/pizza-factory.hr\/index.php?rest_route=\/wp\/v2\/pages"}],"about":[{"href":"https:\/\/pizza-factory.hr\/index.php?rest_route=\/wp\/v2\/types\/page"}],"author":[{"embeddable":true,"href":"https:\/\/pizza-factory.hr\/index.php?rest_route=\/wp\/v2\/users\/1"}],"replies":[{"embeddable":true,"href":"https:\/\/pizza-factory.hr\/index.php?rest_route=%2Fwp%2Fv2%2Fcomments&post=193"}],"version-history":[{"count":15,"href":"https:\/\/pizza-factory.hr\/index.php?rest_route=\/wp\/v2\/pages\/193\/revisions"}],"predecessor-version":[{"id":2223,"href":"https:\/\/pizza-factory.hr\/index.php?rest_route=\/wp\/v2\/pages\/193\/revisions\/2223"}],"wp:attachment":[{"href":"https:\/\/pizza-factory.hr\/index.php?rest_route=%2Fwp%2Fv2%2Fmedia&parent=193"}],"curies":[{"name":"wp","href":"https:\/\/api.w.org\/{rel}","templated":true}]}}