{"id":2370,"date":"2024-10-01T21:43:24","date_gmt":"2024-10-01T19:43:24","guid":{"rendered":"https:\/\/pizza-factory.hr\/?page_id=2370"},"modified":"2026-03-25T14:45:10","modified_gmt":"2026-03-25T13:45:10","slug":"pizza_factory_cb_concordia","status":"publish","type":"page","link":"https:\/\/pizza-factory.hr\/?page_id=2370","title":{"rendered":"Pizza_factory_cb_concordia"},"content":{"rendered":"<p>[vc_row full_width=&#8221;stretch_row_content&#8221;][vc_column][vc_column_text css=&#8221;.vc_custom_1600204739994{margin-bottom: 50px !important;padding-bottom: 20px !important;}&#8221;]\n\t\t\t<!-- START contacts REVOLUTION SLIDER 6.2.15 --><p class=\"rs-p-wp-fix\"><\/p>\n\t\t\t<rs-module-wrap id=\"rev_slider_1_1_wrapper\" data-source=\"gallery\" style=\"background:transparent;padding:0;margin:0px auto;margin-top:0;margin-bottom:0;max-width:;\">\n\t\t\t\t<rs-module id=\"rev_slider_1_1\" style=\"\" data-version=\"6.2.15\">\n\t\t\t\t\t<rs-slides>\n\t\t\t\t\t\t<rs-slide data-key=\"rs-1\" data-title=\"Slide\" data-thumb=\"\/\/pizza-factory.hr\/wp-content\/uploads\/2020\/09\/pizza_factory-100x50.jpg\" data-anim=\"ei:d;eo:d;s:d;r:0;t:slotzoom-vertical;sl:d;\">\n\t\t\t\t\t\t\t<img loading=\"lazy\" decoding=\"async\" src=\"\/\/pizza-factory.hr\/wp-content\/uploads\/2020\/09\/pizza_factory.jpg\" title=\"pizza_factory\" width=\"1928\" height=\"1286\" data-bg=\"p:0% 80%;\" class=\"rev-slidebg\" data-no-retina>\n<!---->\t\t\t\t\t\t<\/rs-slide>\n\t\t\t\t\t\t<rs-slide data-key=\"rs-8\" data-title=\"Slide\" data-thumb=\"\/\/pizza-factory.hr\/wp-content\/uploads\/2020\/09\/interijer3-100x50.jpg\" data-anim=\"ei:d;eo:d;s:d;r:0;t:slotzoom-vertical;sl:d;\">\n\t\t\t\t\t\t\t<img loading=\"lazy\" decoding=\"async\" src=\"\/\/pizza-factory.hr\/wp-content\/uploads\/2020\/09\/interijer3.jpg\" title=\"interijer3\" width=\"1928\" height=\"1286\" data-bg=\"p:0% 65%;\" class=\"rev-slidebg\" data-no-retina>\n<!---->\t\t\t\t\t\t<\/rs-slide>\n\t\t\t\t\t\t<rs-slide data-key=\"rs-3\" data-title=\"Slide\" data-thumb=\"\/\/pizza-factory.hr\/wp-content\/uploads\/2020\/09\/pizza_gracanska-100x50.jpg\" data-anim=\"ei:d;eo:d;s:d;r:0;t:slotzoom-vertical;sl:d;\">\n\t\t\t\t\t\t\t<img loading=\"lazy\" decoding=\"async\" src=\"\/\/pizza-factory.hr\/wp-content\/uploads\/2020\/09\/pizza_gracanska.jpg\" title=\"pizza_gracanska\" width=\"1928\" height=\"1286\" data-bg=\"p:center bottom;\" class=\"rev-slidebg\" data-no-retina>\n<!---->\t\t\t\t\t\t<\/rs-slide>\n\t\t\t\t\t\t<rs-slide data-key=\"rs-9\" data-title=\"Slide\" data-thumb=\"\/\/pizza-factory.hr\/wp-content\/uploads\/2020\/09\/interijer1-100x50.jpg\" data-anim=\"ei:d;eo:d;s:d;r:0;t:slotzoom-vertical;sl:d;\">\n\t\t\t\t\t\t\t<img loading=\"lazy\" decoding=\"async\" src=\"\/\/pizza-factory.hr\/wp-content\/uploads\/2020\/09\/interijer1.jpg\" title=\"interijer1\" width=\"1928\" height=\"1286\" data-bg=\"p:0% 45%;\" class=\"rev-slidebg\" data-no-retina>\n<!---->\t\t\t\t\t\t<\/rs-slide>\n\t\t\t\t\t<\/rs-slides>\n\t\t\t\t<\/rs-module>\n\t\t\t\t<script type=\"text\/javascript\">\n\t\t\t\t\tsetREVStartSize({c: 'rev_slider_1_1',rl:[2000,2000,778,480],el:[650],gw:[1170],gh:[650],type:'standard',justify:'',layout:'fullwidth',mh:\"0\"});\n\t\t\t\t\tvar\trevapi1,\n\t\t\t\t\t\ttpj;\n\t\t\t\t\tjQuery(function() {\n\t\t\t\t\t\ttpj = jQuery;\n\t\t\t\t\t\trevapi1 = tpj(\"#rev_slider_1_1\")\n\t\t\t\t\t\tif(revapi1==undefined || revapi1.revolution == undefined){\n\t\t\t\t\t\t\trevslider_showDoubleJqueryError(\"rev_slider_1_1\");\n\t\t\t\t\t\t}else{\n\t\t\t\t\t\t\trevapi1.revolution({\n\t\t\t\t\t\t\t\tduration:5000,\n\t\t\t\t\t\t\t\tvisibilityLevels:\"2000,2000,778,480\",\n\t\t\t\t\t\t\t\tgridwidth:1170,\n\t\t\t\t\t\t\t\tgridheight:650,\n\t\t\t\t\t\t\t\tperspective:600,\n\t\t\t\t\t\t\t\tperspectiveType:\"local\",\n\t\t\t\t\t\t\t\teditorheight:\"650,768,960,720\",\n\t\t\t\t\t\t\t\tresponsiveLevels:\"2000,2000,778,480\",\n\t\t\t\t\t\t\t\tprogressBar:{disableProgressBar:true},\n\t\t\t\t\t\t\t\tnavigation: {\n\t\t\t\t\t\t\t\t\tmouseScrollNavigation:false,\n\t\t\t\t\t\t\t\t\tarrows: {\n\t\t\t\t\t\t\t\t\t\tenable:true,\n\t\t\t\t\t\t\t\t\t\ttmp:\"<div class=\\\"tp-title-wrap\\\">  \t<div class=\\\"tp-arr-imgholder\\\"><\/div> <\/div>\",\n\t\t\t\t\t\t\t\t\t\tstyle:\"zeus\",\n\t\t\t\t\t\t\t\t\t\tleft: {\n\t\t\t\t\t\t\t\t\t\t\th_offset:30\n\t\t\t\t\t\t\t\t\t\t},\n\t\t\t\t\t\t\t\t\t\tright: {\n\t\t\t\t\t\t\t\t\t\t\th_offset:30\n\t\t\t\t\t\t\t\t\t\t}\n\t\t\t\t\t\t\t\t\t}\n\t\t\t\t\t\t\t\t},\n\t\t\t\t\t\t\t\tfallbacks: {\n\t\t\t\t\t\t\t\t\tdisableFocusListener:true,\n\t\t\t\t\t\t\t\t\tallowHTML5AutoPlayOnAndroid:true\n\t\t\t\t\t\t\t\t},\n\t\t\t\t\t\t\t});\n\t\t\t\t\t\t}\n\t\t\t\t\t\t\n\t\t\t\t\t});\n\t\t\t\t<\/script>\n\t\t\t\t<script>\n\t\t\t\t\tvar htmlDivCss = unescape(\"%23rev_slider_1_1_wrapper%20.zeus.tparrows%20%7B%0A%20%20cursor%3Apointer%3B%0A%20%20min-width%3A70px%3B%0A%20%20min-height%3A70px%3B%0A%20%20position%3Aabsolute%3B%0A%20%20display%3Ablock%3B%0A%20%20z-index%3A1000%3B%0A%20%20border-radius%3A50%25%3B%20%20%20%0A%20%20overflow%3Ahidden%3B%0A%20%20background%3Argba%280%2C0%2C0%2C0.1%29%3B%0A%7D%0A%0A%23rev_slider_1_1_wrapper%20.zeus.tparrows%3Abefore%20%7B%0A%20%20font-family%3A%20%27revicons%27%3B%0A%20%20font-size%3A20px%3B%0A%20%20color%3A%23ffffff%3B%0A%20%20display%3Ablock%3B%0A%20%20line-height%3A%2070px%3B%0A%20%20text-align%3A%20center%3B%20%20%20%20%0A%20%20z-index%3A2%3B%0A%20%20position%3Arelative%3B%0A%7D%0A%23rev_slider_1_1_wrapper%20.zeus.tparrows.tp-leftarrow%3Abefore%20%7B%0A%20%20content%3A%20%27%5Ce824%27%3B%0A%7D%0A%23rev_slider_1_1_wrapper%20.zeus.tparrows.tp-rightarrow%3Abefore%20%7B%0A%20%20content%3A%20%27%5Ce825%27%3B%0A%7D%0A%0A%23rev_slider_1_1_wrapper%20.zeus%20.tp-title-wrap%20%7B%0A%20%20background%3Argba%280%2C0%2C0%2C0.5%29%3B%0A%20%20width%3A100%25%3B%0A%20%20height%3A100%25%3B%0A%20%20top%3A0px%3B%0A%20%20left%3A0px%3B%0A%20%20position%3Aabsolute%3B%0A%20%20opacity%3A0%3B%0A%20%20transform%3Ascale%280%29%3B%0A%20%20-webkit-transform%3Ascale%280%29%3B%0A%20%20%20transition%3A%20all%200.3s%3B%0A%20%20-webkit-transition%3Aall%200.3s%3B%0A%20%20-moz-transition%3Aall%200.3s%3B%0A%20%20%20border-radius%3A50%25%3B%0A%20%7D%0A%23rev_slider_1_1_wrapper%20.zeus%20.tp-arr-imgholder%20%7B%0A%20%20width%3A100%25%3B%0A%20%20height%3A100%25%3B%0A%20%20position%3Aabsolute%3B%0A%20%20top%3A0px%3B%0A%20%20left%3A0px%3B%0A%20%20background-position%3Acenter%20center%3B%0A%20%20background-size%3Acover%3B%0A%20%20border-radius%3A50%25%3B%0A%20%20transform%3Atranslatex%28-100%25%29%3B%0A%20%20-webkit-transform%3Atranslatex%28-100%25%29%3B%0A%20%20%20transition%3A%20all%200.3s%3B%0A%20%20-webkit-transition%3Aall%200.3s%3B%0A%20%20-moz-transition%3Aall%200.3s%3B%0A%0A%20%7D%0A%23rev_slider_1_1_wrapper%20.zeus.tp-rightarrow%20.tp-arr-imgholder%20%7B%0A%20%20%20%20transform%3Atranslatex%28100%25%29%3B%0A%20%20-webkit-transform%3Atranslatex%28100%25%29%3B%0A%20%20%20%20%20%20%7D%0A%23rev_slider_1_1_wrapper%20.zeus.tparrows%3Ahover%20.tp-arr-imgholder%20%7B%0A%20%20transform%3Atranslatex%280%29%3B%0A%20%20-webkit-transform%3Atranslatex%280%29%3B%0A%20%20opacity%3A1%3B%0A%7D%0A%20%20%20%20%20%20%0A%23rev_slider_1_1_wrapper%20.zeus.tparrows%3Ahover%20.tp-title-wrap%20%7B%0A%20%20transform%3Ascale%281%29%3B%0A%20%20-webkit-transform%3Ascale%281%29%3B%0A%20%20opacity%3A1%3B%0A%7D%0A%20%0A\");\n\t\t\t\t\tvar htmlDiv = document.getElementById('rs-plugin-settings-inline-css');\n\t\t\t\t\tif(htmlDiv) {\n\t\t\t\t\t\thtmlDiv.innerHTML = htmlDiv.innerHTML + htmlDivCss;\n\t\t\t\t\t}else{\n\t\t\t\t\t\tvar htmlDiv = document.createElement('div');\n\t\t\t\t\t\thtmlDiv.innerHTML = '<style>' + htmlDivCss + '<\/style>';\n\t\t\t\t\t\tdocument.getElementsByTagName('head')[0].appendChild(htmlDiv.childNodes[0]);\n\t\t\t\t\t}\n\t\t\t\t<\/script>\n\t\t\t\t<script>\n\t\t\t\t\tvar htmlDivCss = unescape(\"%0A%0A%0A%0A\");\n\t\t\t\t\tvar htmlDiv = document.getElementById('rs-plugin-settings-inline-css');\n\t\t\t\t\tif(htmlDiv) {\n\t\t\t\t\t\thtmlDiv.innerHTML = htmlDiv.innerHTML + htmlDivCss;\n\t\t\t\t\t}else{\n\t\t\t\t\t\tvar htmlDiv = document.createElement('div');\n\t\t\t\t\t\thtmlDiv.innerHTML = '<style>' + htmlDivCss + '<\/style>';\n\t\t\t\t\t\tdocument.getElementsByTagName('head')[0].appendChild(htmlDiv.childNodes[0]);\n\t\t\t\t\t}\n\t\t\t\t<\/script>\n\t\t\t<\/rs-module-wrap>\n\t\t\t<!-- END REVOLUTION SLIDER -->\n[\/vc_column_text][\/vc_column][\/vc_row][vc_row gap=&#8221;45&#8243; equal_height=&#8221;yes&#8221; css=&#8221;.vc_custom_1727816570226{margin-bottom: 75px !important;border-top-width: 30px !important;border-bottom-width: 30px !important;padding-bottom: 50px !important;}&#8221;][vc_column width=&#8221;1\/2&#8243; css=&#8221;.vc_custom_1490254680700{padding-right: 0px !important;padding-left: 0px !important;}&#8221;][vc_custom_heading text=&#8221;Novootvorena podru\u017enica na \u010cu\u010derskoj cesti!&#8221; font_container=&#8221;tag:h1|text_align:left&#8221; use_theme_fonts=&#8221;yes&#8221; css=&#8221;.vc_custom_1727817252481{margin-top: -6px !important;margin-bottom: 43px !important;padding-right: 0px !important;}&#8221;][vc_custom_heading text=&#8221;\ud83d\udce2Dragi gosti, s ponosom vam najavljujemo kako je Pizza Factory pro\u0161irila poslovanje i otvorila podru\u017enicu u novom kvartu!<\/p>\n<p>\ud83d\udc49Vidimo se svi u Pizza Factory &#8211; CB Concordia na adresi\ud83d\udccd\u010cu\u010derska cesta 105!&#8221; font_container=&#8221;tag:h6|text_align:left|line_height:32px&#8221; use_theme_fonts=&#8221;yes&#8221; css=&#8221;.vc_custom_1727812364107{margin-bottom: 40px !important;padding-right: 0px !important;}&#8221;][vc_single_image image=&#8221;221&#8243; img_size=&#8221;full&#8221; css=&#8221;.vc_custom_1490255350945{margin-bottom: 21px !important;padding-right: 0px !important;}&#8221;][vc_column_text css=&#8221;.vc_custom_1727816380975{margin-bottom: 0px !important;padding-right: 0px !important;}&#8221;]Od nas o\u010dekujte najfinije pizze napravljene od vrhunskih, svje\u017eih sastojaka, ba\u0161 onako kako volite i kako ste navikli!\ud83c\udf55<\/p>\n<p>Uz besplatnu dostavu na<a href=\"tel:0992983000\"><strong> 099 298 3000<\/strong><\/a> u\u017eivajte u na\u0161im pizzama iz udobnosti svoga doma!<\/p>\n<p>Ne propustite priliku postati dio na\u0161e gastro pri\u010de!<\/p>\n<p>Provjerite na\u0161e <a href=\"https:\/\/www.instagram.com\/pizzafactorycbconcordia\/\">Instagram<\/a> i <a href=\"https:\/\/www.facebook.com\/profile.php?id=61565577175181\">Facebook<\/a> profile za vi\u0161e informacija.[\/vc_column_text][\/vc_column][vc_column width=&#8221;1\/2&#8243; css=&#8221;.vc_custom_1727811240361{padding-right: 0px !important;padding-left: 30px !important;background-position: center !important;background-repeat: no-repeat !important;background-size: cover !important;}&#8221;][vc_single_image image=&#8221;2374&#8243; img_size=&#8221;large&#8221;][\/vc_column][\/vc_row][vc_row full_width=&#8221;stretch_row_content&#8221; vincent_border_type=&#8221;figure&#8221; css=&#8221;.vc_custom_1600204567555{margin-top: -54px !important;margin-bottom: 89px !important;padding-top: 68px !important;padding-bottom: 65px !important;background-image: url(https:\/\/pizza-factory.hr\/wp-content\/uploads\/2019\/07\/slide_3.jpg?id=1737) !important;background-position: center !important;background-repeat: no-repeat !important;background-size: cover !important;}&#8221;][vc_column][vc_custom_heading text=&#8221;Pizza Factory-CB Concordia &#8211; besplatna dostava: 099 298 3000&#8243; font_container=&#8221;tag:h1|text_align:center|color:%23121618&#8243; use_theme_fonts=&#8221;yes&#8221;][\/vc_column][\/vc_row][vc_row full_width=&#8221;stretch_row_content_no_spaces&#8221;][vc_column css=&#8221;.vc_custom_1490701106739{padding-right: 90px !important;padding-left: 90px !important;}&#8221;][vc_empty_space height=&#8221;50&#8243;][vc_custom_heading text=&#8221;PIZZE&#8221; font_container=&#8221;tag:h1|text_align:center|color:%23dd9933&#8243; use_theme_fonts=&#8221;yes&#8221;][pm_vc_custom_products prod_list=&#8221;2394, 2397, 2400, 2412, 2403, 2391, 2406, 2409&#8243; group_image=&#8221;2233&#8243; list_bg_color=&#8221;#1d2326&#8243; group_image_status=&#8221;true&#8221; custom_css=&#8221;.vc_custom_1727816066330{margin-bottom: 100px !important;}&#8221;][pm_vc_custom_products prod_list=&#8221;2128, 2388, 2379, 2382, 2133, 2385, 2137, 2376&#8243; group_image=&#8221;2059&#8243; image_position=&#8221;right&#8221; list_bg_color=&#8221;#1d2326&#8243; group_image_status=&#8221;true&#8221;][pm_vc_custom_products prod_list=&#8221;2420, 2429, 2426, 2432, 2417, 2423, 2511, 2504&#8243; group_image=&#8221;2058&#8243; products_order_by=&#8221;popularity&#8221; list_bg_color=&#8221;#1d2326&#8243; group_image_status=&#8221;true&#8221; custom_css=&#8221;.vc_custom_1774445938057{margin-bottom: 100px !important;}&#8221;][pm_vc_custom_products prod_list=&#8221;2439, 2448, 2445, 2451, 2436, 2442&#8243; group_image=&#8221;2232&#8243; image_position=&#8221;right&#8221; products_order_by=&#8221;popularity&#8221; list_bg_color=&#8221;#1d2326&#8243; group_image_status=&#8221;true&#8221; custom_css=&#8221;.vc_custom_1727818930530{margin-bottom: 100px !important;}&#8221;][\/vc_column][\/vc_row][vc_row full_width=&#8221;stretch_row&#8221; vincent_border_type=&#8221;figure&#8221; css=&#8221;.vc_custom_1599857100959{margin-bottom: 38px !important;padding-top: 68px !important;padding-bottom: 65px !important;background-image: url(https:\/\/pizza-factory.hr\/wp-content\/uploads\/2019\/07\/slide_3.jpg?id=1737) !important;background-position: center !important;background-repeat: no-repeat !important;background-size: cover !important;}&#8221;][vc_column][vc_custom_heading text=&#8221;NISMO STALI NA PIZZAMA &#8211; PROVJERITE I OSTALO&#8221; font_container=&#8221;tag:h1|text_align:center|color:%23000000&#8243; use_theme_fonts=&#8221;yes&#8221;][\/vc_column][\/vc_row][vc_row][vc_column][vc_custom_heading text=&#8221;SANDWICHES&#8221; font_container=&#8221;tag:h1|text_align:center|color:%23dd9933&#8243; use_theme_fonts=&#8221;yes&#8221;][pm_vc_custom_products prod_list=&#8221;2097, 2026, 2025, 2024, 2021, 2279, 2280, 2353, 2354&#8243; group_image=&#8221;2226&#8243; products_order_by=&#8221;id&#8221; list_bg_color=&#8221;#1d2326&#8243; group_image_status=&#8221;true&#8221; custom_css=&#8221;.vc_custom_1774446300398{margin-bottom: 100px !important;}&#8221;][\/vc_column][\/vc_row][vc_row][vc_column][\/vc_column][\/vc_row][vc_row full_width=&#8221;stretch_row&#8221; css=&#8221;.vc_custom_1600202305751{padding-top: 54px !important;padding-bottom: 63px !important;background-image: url(https:\/\/pizza-factory.hr\/wp-content\/uploads\/2019\/07\/slide_3.jpg?id=1737) !important;background-position: center !important;background-repeat: no-repeat !important;background-size: cover !important;}&#8221;][vc_column width=&#8221;1\/3&#8243;][pm_vc_iconbox icon_image_type=&#8221;336&#8243; iconbox_heading=&#8221;Kvalitetni sastojci&#8221; iconbox_text=&#8221;Svaka namirnica sti\u017ee od doma\u0107ih i lokalnih OPG-a.&#8221;][\/vc_column][vc_column width=&#8221;1\/3&#8243;][pm_vc_iconbox icon_image_type=&#8221;338&#8243; iconbox_heading=&#8221;Brza dostava&#8221; iconbox_text=&#8221;Zovemo se Pizza Factory i na\u0161u dostavu sigurno ne\u0107ete \u010dekati satima.&#8221;][\/vc_column][vc_column width=&#8221;1\/3&#8243;][pm_vc_iconbox icon_image_type=&#8221;337&#8243; iconbox_heading=&#8221;Originalna receptura&#8221; iconbox_text=&#8221;U\u017eivajte u pizzi s originalnim, hrvatskim potpisom.&#8221;][\/vc_column][\/vc_row][vc_row][vc_column][\/vc_column][\/vc_row]<\/p>\n","protected":false},"excerpt":{"rendered":"<p>[vc_row full_width=&#8221;stretch_row_content&#8221;][vc_column][vc_column_text css=&#8221;.vc_custom_1600204739994{margin-bottom: 50px !important;padding-bottom: 20px !important;}&#8221;][\/vc_column_text][\/vc_column][\/vc_row][vc_row gap=&#8221;45&#8243; equal_height=&#8221;yes&#8221; css=&#8221;.vc_custom_1727816570226{margin-bottom: 75px !important;border-top-width: 30px !important;border-bottom-width: 30px !important;padding-bottom: 50px !important;}&#8221;][vc_column width=&#8221;1\/2&#8243; css=&#8221;.vc_custom_1490254680700{padding-right: 0px !important;padding-left: 0px !important;}&#8221;][vc_custom_heading text=&#8221;Novootvorena podru\u017enica na \u010cu\u010derskoj cesti!&#8221; font_container=&#8221;tag:h1|text_align:left&#8221; use_theme_fonts=&#8221;yes&#8221; css=&#8221;.vc_custom_1727817252481{margin-top: -6px !important;margin-bottom: 43px !important;padding-right: 0px !important;}&#8221;][vc_custom_heading text=&#8221;\ud83d\udce2Dragi gosti, s ponosom vam najavljujemo kako je Pizza Factory pro\u0161irila poslovanje i otvorila podru\u017enicu u novom [&hellip;]<\/p>\n","protected":false},"author":1,"featured_media":0,"parent":0,"menu_order":0,"comment_status":"closed","ping_status":"closed","template":"","meta":{"footnotes":""},"class_list":["post-2370","page","type-page","status-publish","hentry"],"_links":{"self":[{"href":"https:\/\/pizza-factory.hr\/index.php?rest_route=\/wp\/v2\/pages\/2370","targetHints":{"allow":["GET"]}}],"collection":[{"href":"https:\/\/pizza-factory.hr\/index.php?rest_route=\/wp\/v2\/pages"}],"about":[{"href":"https:\/\/pizza-factory.hr\/index.php?rest_route=\/wp\/v2\/types\/page"}],"author":[{"embeddable":true,"href":"https:\/\/pizza-factory.hr\/index.php?rest_route=\/wp\/v2\/users\/1"}],"replies":[{"embeddable":true,"href":"https:\/\/pizza-factory.hr\/index.php?rest_route=%2Fwp%2Fv2%2Fcomments&post=2370"}],"version-history":[{"count":13,"href":"https:\/\/pizza-factory.hr\/index.php?rest_route=\/wp\/v2\/pages\/2370\/revisions"}],"predecessor-version":[{"id":2530,"href":"https:\/\/pizza-factory.hr\/index.php?rest_route=\/wp\/v2\/pages\/2370\/revisions\/2530"}],"wp:attachment":[{"href":"https:\/\/pizza-factory.hr\/index.php?rest_route=%2Fwp%2Fv2%2Fmedia&parent=2370"}],"curies":[{"name":"wp","href":"https:\/\/api.w.org\/{rel}","templated":true}]}}