{"id":442,"date":"2017-03-10T08:46:46","date_gmt":"2017-03-10T07:46:46","guid":{"rendered":"https:\/\/demo-storage.com\/pm\/wp\/vincent\/?page_id=442"},"modified":"2024-09-24T22:59:53","modified_gmt":"2024-09-24T20:59:53","slug":"kontakt","status":"publish","type":"page","link":"https:\/\/pizza-factory.hr\/?page_id=442","title":{"rendered":"Kontakt"},"content":{"rendered":"<p>[vc_row full_width=&#8221;stretch_row_content&#8221; css=&#8221;.vc_custom_1599511436698{margin-top: -120px !important;}&#8221;][vc_column parallax=&#8221;content-moving-fade&#8221; css=&#8221;.vc_custom_1599510637603{background-position: center !important;background-repeat: no-repeat !important;background-size: contain !important;}&#8221;]\n\t\t\t<!-- START contacts REVOLUTION SLIDER 6.2.15 --><p class=\"rs-p-wp-fix\"><\/p>\n\t\t\t<rs-module-wrap id=\"rev_slider_1_1_wrapper\" data-source=\"gallery\" style=\"background:transparent;padding:0;margin:0px auto;margin-top:0;margin-bottom:0;max-width:;\">\n\t\t\t\t<rs-module id=\"rev_slider_1_1\" style=\"\" data-version=\"6.2.15\">\n\t\t\t\t\t<rs-slides>\n\t\t\t\t\t\t<rs-slide data-key=\"rs-1\" data-title=\"Slide\" data-thumb=\"\/\/pizza-factory.hr\/wp-content\/uploads\/2020\/09\/pizza_factory-100x50.jpg\" data-anim=\"ei:d;eo:d;s:d;r:0;t:slotzoom-vertical;sl:d;\">\n\t\t\t\t\t\t\t<img loading=\"lazy\" decoding=\"async\" src=\"\/\/pizza-factory.hr\/wp-content\/uploads\/2020\/09\/pizza_factory.jpg\" title=\"pizza_factory\" width=\"1928\" height=\"1286\" data-bg=\"p:0% 80%;\" class=\"rev-slidebg\" data-no-retina>\n<!---->\t\t\t\t\t\t<\/rs-slide>\n\t\t\t\t\t\t<rs-slide data-key=\"rs-8\" data-title=\"Slide\" data-thumb=\"\/\/pizza-factory.hr\/wp-content\/uploads\/2020\/09\/interijer3-100x50.jpg\" data-anim=\"ei:d;eo:d;s:d;r:0;t:slotzoom-vertical;sl:d;\">\n\t\t\t\t\t\t\t<img loading=\"lazy\" decoding=\"async\" src=\"\/\/pizza-factory.hr\/wp-content\/uploads\/2020\/09\/interijer3.jpg\" title=\"interijer3\" width=\"1928\" height=\"1286\" data-bg=\"p:0% 65%;\" class=\"rev-slidebg\" data-no-retina>\n<!---->\t\t\t\t\t\t<\/rs-slide>\n\t\t\t\t\t\t<rs-slide data-key=\"rs-3\" data-title=\"Slide\" data-thumb=\"\/\/pizza-factory.hr\/wp-content\/uploads\/2020\/09\/pizza_gracanska-100x50.jpg\" data-anim=\"ei:d;eo:d;s:d;r:0;t:slotzoom-vertical;sl:d;\">\n\t\t\t\t\t\t\t<img loading=\"lazy\" decoding=\"async\" src=\"\/\/pizza-factory.hr\/wp-content\/uploads\/2020\/09\/pizza_gracanska.jpg\" title=\"pizza_gracanska\" width=\"1928\" height=\"1286\" data-bg=\"p:center bottom;\" class=\"rev-slidebg\" data-no-retina>\n<!---->\t\t\t\t\t\t<\/rs-slide>\n\t\t\t\t\t\t<rs-slide data-key=\"rs-9\" data-title=\"Slide\" data-thumb=\"\/\/pizza-factory.hr\/wp-content\/uploads\/2020\/09\/interijer1-100x50.jpg\" data-anim=\"ei:d;eo:d;s:d;r:0;t:slotzoom-vertical;sl:d;\">\n\t\t\t\t\t\t\t<img loading=\"lazy\" decoding=\"async\" src=\"\/\/pizza-factory.hr\/wp-content\/uploads\/2020\/09\/interijer1.jpg\" title=\"interijer1\" width=\"1928\" height=\"1286\" data-bg=\"p:0% 45%;\" class=\"rev-slidebg\" data-no-retina>\n<!---->\t\t\t\t\t\t<\/rs-slide>\n\t\t\t\t\t<\/rs-slides>\n\t\t\t\t<\/rs-module>\n\t\t\t\t<script type=\"text\/javascript\">\n\t\t\t\t\tsetREVStartSize({c: 'rev_slider_1_1',rl:[2000,2000,778,480],el:[650],gw:[1170],gh:[650],type:'standard',justify:'',layout:'fullwidth',mh:\"0\"});\n\t\t\t\t\tvar\trevapi1,\n\t\t\t\t\t\ttpj;\n\t\t\t\t\tjQuery(function() {\n\t\t\t\t\t\ttpj = jQuery;\n\t\t\t\t\t\trevapi1 = tpj(\"#rev_slider_1_1\")\n\t\t\t\t\t\tif(revapi1==undefined || revapi1.revolution == undefined){\n\t\t\t\t\t\t\trevslider_showDoubleJqueryError(\"rev_slider_1_1\");\n\t\t\t\t\t\t}else{\n\t\t\t\t\t\t\trevapi1.revolution({\n\t\t\t\t\t\t\t\tduration:5000,\n\t\t\t\t\t\t\t\tvisibilityLevels:\"2000,2000,778,480\",\n\t\t\t\t\t\t\t\tgridwidth:1170,\n\t\t\t\t\t\t\t\tgridheight:650,\n\t\t\t\t\t\t\t\tperspective:600,\n\t\t\t\t\t\t\t\tperspectiveType:\"local\",\n\t\t\t\t\t\t\t\teditorheight:\"650,768,960,720\",\n\t\t\t\t\t\t\t\tresponsiveLevels:\"2000,2000,778,480\",\n\t\t\t\t\t\t\t\tprogressBar:{disableProgressBar:true},\n\t\t\t\t\t\t\t\tnavigation: {\n\t\t\t\t\t\t\t\t\tmouseScrollNavigation:false,\n\t\t\t\t\t\t\t\t\tarrows: {\n\t\t\t\t\t\t\t\t\t\tenable:true,\n\t\t\t\t\t\t\t\t\t\ttmp:\"<div class=\\\"tp-title-wrap\\\">  \t<div class=\\\"tp-arr-imgholder\\\"><\/div> <\/div>\",\n\t\t\t\t\t\t\t\t\t\tstyle:\"zeus\",\n\t\t\t\t\t\t\t\t\t\tleft: {\n\t\t\t\t\t\t\t\t\t\t\th_offset:30\n\t\t\t\t\t\t\t\t\t\t},\n\t\t\t\t\t\t\t\t\t\tright: {\n\t\t\t\t\t\t\t\t\t\t\th_offset:30\n\t\t\t\t\t\t\t\t\t\t}\n\t\t\t\t\t\t\t\t\t}\n\t\t\t\t\t\t\t\t},\n\t\t\t\t\t\t\t\tfallbacks: {\n\t\t\t\t\t\t\t\t\tdisableFocusListener:true,\n\t\t\t\t\t\t\t\t\tallowHTML5AutoPlayOnAndroid:true\n\t\t\t\t\t\t\t\t},\n\t\t\t\t\t\t\t});\n\t\t\t\t\t\t}\n\t\t\t\t\t\t\n\t\t\t\t\t});\n\t\t\t\t<\/script>\n\t\t\t\t<script>\n\t\t\t\t\tvar htmlDivCss = unescape(\"%23rev_slider_1_1_wrapper%20.zeus.tparrows%20%7B%0A%20%20cursor%3Apointer%3B%0A%20%20min-width%3A70px%3B%0A%20%20min-height%3A70px%3B%0A%20%20position%3Aabsolute%3B%0A%20%20display%3Ablock%3B%0A%20%20z-index%3A1000%3B%0A%20%20border-radius%3A50%25%3B%20%20%20%0A%20%20overflow%3Ahidden%3B%0A%20%20background%3Argba%280%2C0%2C0%2C0.1%29%3B%0A%7D%0A%0A%23rev_slider_1_1_wrapper%20.zeus.tparrows%3Abefore%20%7B%0A%20%20font-family%3A%20%27revicons%27%3B%0A%20%20font-size%3A20px%3B%0A%20%20color%3A%23ffffff%3B%0A%20%20display%3Ablock%3B%0A%20%20line-height%3A%2070px%3B%0A%20%20text-align%3A%20center%3B%20%20%20%20%0A%20%20z-index%3A2%3B%0A%20%20position%3Arelative%3B%0A%7D%0A%23rev_slider_1_1_wrapper%20.zeus.tparrows.tp-leftarrow%3Abefore%20%7B%0A%20%20content%3A%20%27%5Ce824%27%3B%0A%7D%0A%23rev_slider_1_1_wrapper%20.zeus.tparrows.tp-rightarrow%3Abefore%20%7B%0A%20%20content%3A%20%27%5Ce825%27%3B%0A%7D%0A%0A%23rev_slider_1_1_wrapper%20.zeus%20.tp-title-wrap%20%7B%0A%20%20background%3Argba%280%2C0%2C0%2C0.5%29%3B%0A%20%20width%3A100%25%3B%0A%20%20height%3A100%25%3B%0A%20%20top%3A0px%3B%0A%20%20left%3A0px%3B%0A%20%20position%3Aabsolute%3B%0A%20%20opacity%3A0%3B%0A%20%20transform%3Ascale%280%29%3B%0A%20%20-webkit-transform%3Ascale%280%29%3B%0A%20%20%20transition%3A%20all%200.3s%3B%0A%20%20-webkit-transition%3Aall%200.3s%3B%0A%20%20-moz-transition%3Aall%200.3s%3B%0A%20%20%20border-radius%3A50%25%3B%0A%20%7D%0A%23rev_slider_1_1_wrapper%20.zeus%20.tp-arr-imgholder%20%7B%0A%20%20width%3A100%25%3B%0A%20%20height%3A100%25%3B%0A%20%20position%3Aabsolute%3B%0A%20%20top%3A0px%3B%0A%20%20left%3A0px%3B%0A%20%20background-position%3Acenter%20center%3B%0A%20%20background-size%3Acover%3B%0A%20%20border-radius%3A50%25%3B%0A%20%20transform%3Atranslatex%28-100%25%29%3B%0A%20%20-webkit-transform%3Atranslatex%28-100%25%29%3B%0A%20%20%20transition%3A%20all%200.3s%3B%0A%20%20-webkit-transition%3Aall%200.3s%3B%0A%20%20-moz-transition%3Aall%200.3s%3B%0A%0A%20%7D%0A%23rev_slider_1_1_wrapper%20.zeus.tp-rightarrow%20.tp-arr-imgholder%20%7B%0A%20%20%20%20transform%3Atranslatex%28100%25%29%3B%0A%20%20-webkit-transform%3Atranslatex%28100%25%29%3B%0A%20%20%20%20%20%20%7D%0A%23rev_slider_1_1_wrapper%20.zeus.tparrows%3Ahover%20.tp-arr-imgholder%20%7B%0A%20%20transform%3Atranslatex%280%29%3B%0A%20%20-webkit-transform%3Atranslatex%280%29%3B%0A%20%20opacity%3A1%3B%0A%7D%0A%20%20%20%20%20%20%0A%23rev_slider_1_1_wrapper%20.zeus.tparrows%3Ahover%20.tp-title-wrap%20%7B%0A%20%20transform%3Ascale%281%29%3B%0A%20%20-webkit-transform%3Ascale%281%29%3B%0A%20%20opacity%3A1%3B%0A%7D%0A%20%0A\");\n\t\t\t\t\tvar htmlDiv = document.getElementById('rs-plugin-settings-inline-css');\n\t\t\t\t\tif(htmlDiv) {\n\t\t\t\t\t\thtmlDiv.innerHTML = htmlDiv.innerHTML + htmlDivCss;\n\t\t\t\t\t}else{\n\t\t\t\t\t\tvar htmlDiv = document.createElement('div');\n\t\t\t\t\t\thtmlDiv.innerHTML = '<style>' + htmlDivCss + '<\/style>';\n\t\t\t\t\t\tdocument.getElementsByTagName('head')[0].appendChild(htmlDiv.childNodes[0]);\n\t\t\t\t\t}\n\t\t\t\t<\/script>\n\t\t\t\t<script>\n\t\t\t\t\tvar htmlDivCss = unescape(\"%0A%0A%0A%0A\");\n\t\t\t\t\tvar htmlDiv = document.getElementById('rs-plugin-settings-inline-css');\n\t\t\t\t\tif(htmlDiv) {\n\t\t\t\t\t\thtmlDiv.innerHTML = htmlDiv.innerHTML + htmlDivCss;\n\t\t\t\t\t}else{\n\t\t\t\t\t\tvar htmlDiv = document.createElement('div');\n\t\t\t\t\t\thtmlDiv.innerHTML = '<style>' + htmlDivCss + '<\/style>';\n\t\t\t\t\t\tdocument.getElementsByTagName('head')[0].appendChild(htmlDiv.childNodes[0]);\n\t\t\t\t\t}\n\t\t\t\t<\/script>\n\t\t\t<\/rs-module-wrap>\n\t\t\t<!-- END REVOLUTION SLIDER -->\n[\/vc_column][\/vc_row][vc_row gap=&#8221;30&#8243; css=&#8221;.vc_custom_1489406662819{margin-top: -8px !important;margin-bottom: 51px !important;}&#8221;][vc_column width=&#8221;1\/3&#8243;][pm_vc_infobox infobox_title=&#8221;Originalna receptura&#8221; infobox_text=&#8221;U\u017eivajte u pizzi s originalnim, hrvatskim potpisom.&#8221; infobox_bg_image=&#8221;1222&#8243; infobox_bg_image_status=&#8221;true&#8221;][\/vc_column][vc_column width=&#8221;1\/3&#8243;][pm_vc_infobox infobox_title=&#8221;Kvalitetni sastojci&#8221; infobox_text=&#8221;Svaka namirnica sti\u017ee od doma\u0107ih i lokalnih OPG-a.&#8221; infobox_bg_image=&#8221;1176&#8243; infobox_bg_image_status=&#8221;true&#8221;][\/vc_column][vc_column width=&#8221;1\/3&#8243;][pm_vc_infobox infobox_title=&#8221;Brza dostava&#8221; infobox_text=&#8221;Zovemo se Pizza Factory i na\u0161u dostavu sigurno ne\u0107ete \u010dekati satima.&#8221; infobox_bg_image=&#8221;2038&#8243; infobox_bg_image_status=&#8221;true&#8221;][\/vc_column][\/vc_row][vc_row css=&#8221;.vc_custom_1489409467866{margin-bottom: 58px !important;padding-top: 67px !important;}&#8221;][vc_column][vc_custom_heading text=&#8221;Pizza Factory&#8221; font_container=&#8221;tag:h6|text_align:center&#8221; use_theme_fonts=&#8221;yes&#8221; css=&#8221;.vc_custom_1599512720348{margin-bottom: 21px !important;}&#8221;][vc_custom_heading text=&#8221;Ovo nisu obi\u010dne pizze, ovo su ALL CROATIAN pizze&#8221; font_container=&#8221;tag:h1|text_align:center&#8221; use_theme_fonts=&#8221;yes&#8221; css=&#8221;.vc_custom_1599512982382{margin-bottom: 45px !important;}&#8221;][vc_single_image image=&#8221;221&#8243; img_size=&#8221;full&#8221; alignment=&#8221;center&#8221; css=&#8221;.vc_custom_1489407211635{margin-bottom: 19px !important;}&#8221;][vc_column_text css=&#8221;.vc_custom_1602193117640{padding-right: 0px !important;padding-left: 0px !important;}&#8221;]<\/p>\n<p style=\"text-align: center;\">Totalni zaljubljenici u pizze i gurmani u du\u0161i. Spojili smo pizzu kao omiljenu klopu s izvornim hrvatskim namirnicama poput pr\u0161uta, kulena, \u0161unke i vrhunskog sira. A rezultat? Javite nam kad probate. Dobar tek!<\/p>\n<p>[\/vc_column_text][\/vc_column][\/vc_row][vc_row full_width=&#8221;stretch_row_content&#8221; css=&#8221;.vc_custom_1493729259154{padding-right: 75px !important;padding-left: 75px !important;}&#8221;][vc_column][pm_vc_contacts map_code=&#8221;JTNDaWZyYW1lJTIwc3JjJTNEJTIyaHR0cHMlM0ElMkYlMkZ3d3cuZ29vZ2xlLmNvbSUyRm1hcHMlMkZlbWJlZCUzRnBiJTNEJTIxMW0xNCUyMTFtOCUyMTFtMyUyMTFkNTU1OC4yNDA1NzIwOTg4NzIlMjEyZDE1Ljk3NTA4MzklMjEzZDQ1Ljg0ODg5MTklMjEzbTIlMjExaTEwMjQlMjEyaTc2OCUyMTRmMTMuMSUyMTNtMyUyMTFtMiUyMTFzMHg0NzY1ZDlmY2Q0YjBjNmI3JTI1M0EweDhjZTRlZGI5OWNiNjUxY2IlMjEyc0lzY2UlMjUyMDEzJTI1MkMlMjUyMDEwMDAwJTI1MkMlMjUyMFphZ3JlYiUyMTVlMCUyMTNtMiUyMTFzaHIlMjEyc2hyJTIxNHYxNTk5NTA3MTM5Mzc2JTIxNW0yJTIxMXNociUyMTJzaHIlMjIlMjB3aWR0aCUzRCUyMjYwMCUyMiUyMGhlaWdodCUzRCUyMjQ1MCUyMiUyMGZyYW1lYm9yZGVyJTNEJTIyMCUyMiUyMHN0eWxlJTNEJTIyYm9yZGVyJTNBMCUzQiUyMiUyMGFsbG93ZnVsbHNjcmVlbiUzRCUyMiUyMiUyMGFyaWEtaGlkZGVuJTNEJTIyZmFsc2UlMjIlMjB0YWJpbmRleCUzRCUyMjAlMjIlM0UlM0MlMkZpZnJhbWUlM0U=&#8221; contact_image=&#8221;2039&#8243; custom_css=&#8221;.vc_custom_1600204086650{margin-bottom: 100px !important;}&#8221;]<\/p>\n<h5>Pizza Factory<\/h5>\n<p>Isce 13, 10 000 Zagreb<\/p>\n<p>Besplatna dostava:<br \/>\n099 4 555 100<br \/>\n01 4 555 100<\/p>\n<p>info@pizza-factory.hr<\/p>\n<p>&nbsp;<\/p>\n<h5>Radno vrijeme<\/h5>\n<p>Ponedjeljak &#8211; nedjelja 7:00-23:00h<\/p>\n<p>&nbsp;<\/p>\n<h5>Radno vrijeme dostave<\/h5>\n<p>Ponedjeljak &#8211; subota 10:00-23:00h<br \/>\nNedjelja i praznici 12:00-23:00h<\/p>\n<p>&nbsp;<\/p>\n<h5>Pratite nas na Instagramu i Facebooku<\/h5>\n<p><a href=\"https:\/\/www.instagram.com\/pizzafactoryzg\/\"><img loading=\"lazy\" decoding=\"async\" class=\"alignnone wp-image-1937 \" src=\"https:\/\/pizza-factory.hr\/wp-content\/uploads\/2020\/09\/insta1-150x150.png\" alt=\"\" width=\"48\" height=\"48\" srcset=\"https:\/\/pizza-factory.hr\/wp-content\/uploads\/2020\/09\/insta1-150x150.png 150w, https:\/\/pizza-factory.hr\/wp-content\/uploads\/2020\/09\/insta1-300x300.png 300w, https:\/\/pizza-factory.hr\/wp-content\/uploads\/2020\/09\/insta1.png 572w\" sizes=\"auto, (max-width: 48px) 100vw, 48px\" \/><\/a><a href=\"https:\/\/www.facebook.com\/pizza.factory.zg\"><img loading=\"lazy\" decoding=\"async\" class=\"alignnone wp-image-1936 \" src=\"https:\/\/pizza-factory.hr\/wp-content\/uploads\/2020\/09\/face1-150x150.png\" alt=\"\" width=\"47\" height=\"47\" srcset=\"https:\/\/pizza-factory.hr\/wp-content\/uploads\/2020\/09\/face1-150x150.png 150w, https:\/\/pizza-factory.hr\/wp-content\/uploads\/2020\/09\/face1-300x300.png 300w, https:\/\/pizza-factory.hr\/wp-content\/uploads\/2020\/09\/face1.png 572w\" sizes=\"auto, (max-width: 47px) 100vw, 47px\" \/><\/a>[\/pm_vc_contacts][\/vc_column][\/vc_row][vc_row full_width=&#8221;stretch_row_content&#8221; css=&#8221;.vc_custom_1493729259154{padding-right: 75px !important;padding-left: 75px !important;}&#8221;][vc_column][pm_vc_contacts map_code=&#8221;JTNDaWZyYW1lJTIwc3JjJTNEJTIyaHR0cHMlM0ElMkYlMkZ3d3cuZ29vZ2xlLmNvbSUyRm1hcHMlMkZlbWJlZCUzRnBiJTNEJTIxMW0xOCUyMTFtMTIlMjExbTMlMjExZDE1MTUyLjQxOTgyNzYxMDcyOSUyMTJkMTYuMDU2Mzk4OTk3NTExNzc4JTIxM2Q0NS44Njk2ODM5MDE4NTAzNDQlMjEybTMlMjExZjAlMjEyZjAlMjEzZjAlMjEzbTIlMjExaTEwMjQlMjEyaTc2OCUyMTRmMTMuMSUyMTNtMyUyMTFtMiUyMTFzMHg0NzY1ZDg2ZTE3ZmYwOWRkJTI1M0EweDg2ZGZhMTc5OGU5Mjg1MjQlMjEycyUyNUM0JTI1OEN1JTI1QzQlMjU4RGVyc2thJTI1MjBjZXN0YSUyNTIwMTA1JTI1MkMlMjUyMDEwMDAwJTI1MkMlMjUyMFphZ3JlYiUyMTVlMSUyMTNtMiUyMTFzaHIlMjEyc2hyJTIxNHYxNzI3MjEwNDQwNjQ4JTIxNW0yJTIxMXNociUyMTJzaHIlMjIlMjB3aWR0aCUzRCUyMjYwMCUyMiUyMGhlaWdodCUzRCUyMjQ1MCUyMiUyMHN0eWxlJTNEJTIyYm9yZGVyJTNBMCUzQiUyMiUyMGFsbG93ZnVsbHNjcmVlbiUzRCUyMiUyMiUyMGxvYWRpbmclM0QlMjJsYXp5JTIyJTIwcmVmZXJyZXJwb2xpY3klM0QlMjJuby1yZWZlcnJlci13aGVuLWRvd25ncmFkZSUyMiUzRSUzQyUyRmlmcmFtZSUzRQ==&#8221; contact_image=&#8221;2366&#8243; custom_css=&#8221;.vc_custom_1727211590687{margin-bottom: 100px !important;}&#8221;]<\/p>\n<h5>Pizza Factory &#8211; CB Concordia<\/h5>\n<p>\u010cu\u010derska cesta 105, 10 000 Zagreb<\/p>\n<p>Besplatna dostava:<br \/>\n099 2983 000<\/p>\n<p>info@pizza-factory.hr<\/p>\n<p>&nbsp;<\/p>\n<h5>Radno vrijeme<\/h5>\n<p>Ponedjeljak &#8211; nedjelja 7:00-23:00h<\/p>\n<p>&nbsp;<\/p>\n<h5>Radno vrijeme dostave<\/h5>\n<p>Ponedjeljak &#8211; nedjelja 11:00-23:00h<\/p>\n<p>&nbsp;<\/p>\n<h5>Pratite nas na Instagramu i Facebooku<\/h5>\n<p><a href=\"https:\/\/www.instagram.com\/pizzafactoryzg\/\"><img loading=\"lazy\" decoding=\"async\" class=\"alignnone wp-image-1937 \" src=\"https:\/\/pizza-factory.hr\/wp-content\/uploads\/2020\/09\/insta1-150x150.png\" alt=\"\" width=\"48\" height=\"48\" srcset=\"https:\/\/pizza-factory.hr\/wp-content\/uploads\/2020\/09\/insta1-150x150.png 150w, https:\/\/pizza-factory.hr\/wp-content\/uploads\/2020\/09\/insta1-300x300.png 300w, https:\/\/pizza-factory.hr\/wp-content\/uploads\/2020\/09\/insta1.png 572w\" sizes=\"auto, (max-width: 48px) 100vw, 48px\" \/><\/a><a href=\"https:\/\/www.facebook.com\/pizza.factory.zg\"><img loading=\"lazy\" decoding=\"async\" class=\"alignnone wp-image-1936 \" src=\"https:\/\/pizza-factory.hr\/wp-content\/uploads\/2020\/09\/face1-150x150.png\" alt=\"\" width=\"47\" height=\"47\" srcset=\"https:\/\/pizza-factory.hr\/wp-content\/uploads\/2020\/09\/face1-150x150.png 150w, https:\/\/pizza-factory.hr\/wp-content\/uploads\/2020\/09\/face1-300x300.png 300w, https:\/\/pizza-factory.hr\/wp-content\/uploads\/2020\/09\/face1.png 572w\" sizes=\"auto, (max-width: 47px) 100vw, 47px\" \/><\/a>[\/pm_vc_contacts][\/vc_column][\/vc_row][vc_row full_width=&#8221;stretch_row&#8221; parallax=&#8221;content-moving&#8221; parallax_image=&#8221;2042&#8243; css=&#8221;.vc_custom_1599850179731{padding-top: 65px !important;padding-bottom: 70px !important;}&#8221;][vc_column css=&#8221;.vc_custom_1489406500819{padding-right: 205px !important;padding-left: 205px !important;}&#8221;][vc_custom_heading text=&#8221;Po\u0161alji nam poruku&#8221; font_container=&#8221;tag:h2|text_align:center|color:%23000000&#8243; use_theme_fonts=&#8221;yes&#8221; css=&#8221;.vc_custom_1599849875922{margin-bottom: 46px !important;}&#8221;][vc_column_text css_animation=&#8221;fadeInUp&#8221;]\n<div class=\"wpcf7 no-js\" id=\"wpcf7-f1899-o1\" lang=\"en-US\" dir=\"ltr\" data-wpcf7-id=\"1899\">\n<div class=\"screen-reader-response\"><p role=\"status\" aria-live=\"polite\" aria-atomic=\"true\"><\/p> <ul><\/ul><\/div>\n<form action=\"\/index.php?rest_route=%2Fwp%2Fv2%2Fpages%2F442#wpcf7-f1899-o1\" method=\"post\" class=\"wpcf7-form init\" aria-label=\"Contact form\" novalidate=\"novalidate\" data-status=\"init\">\n<fieldset class=\"hidden-fields-container\"><input type=\"hidden\" name=\"_wpcf7\" value=\"1899\" \/><input type=\"hidden\" name=\"_wpcf7_version\" value=\"6.1.5\" \/><input type=\"hidden\" name=\"_wpcf7_locale\" value=\"en_US\" \/><input type=\"hidden\" name=\"_wpcf7_unit_tag\" value=\"wpcf7-f1899-o1\" \/><input type=\"hidden\" name=\"_wpcf7_container_post\" value=\"0\" \/><input type=\"hidden\" name=\"_wpcf7_posted_data_hash\" value=\"\" \/>\n<\/fieldset>\n<p><label> Ime (obavezno)<br \/>\n<span class=\"wpcf7-form-control-wrap\" data-name=\"your-name\"><input size=\"40\" maxlength=\"400\" class=\"wpcf7-form-control wpcf7-text wpcf7-validates-as-required\" aria-required=\"true\" aria-invalid=\"false\" value=\"\" type=\"text\" name=\"your-name\" \/><\/span> <\/label>\n<\/p>\n<p><label> Email (obavezno)<br \/>\n<span class=\"wpcf7-form-control-wrap\" data-name=\"your-email\"><input size=\"40\" maxlength=\"400\" class=\"wpcf7-form-control wpcf7-email wpcf7-validates-as-required wpcf7-text wpcf7-validates-as-email\" aria-required=\"true\" aria-invalid=\"false\" value=\"\" type=\"email\" name=\"your-email\" \/><\/span> <\/label>\n<\/p>\n<p><label> Naslov<br \/>\n<span class=\"wpcf7-form-control-wrap\" data-name=\"your-subject\"><input size=\"40\" maxlength=\"400\" class=\"wpcf7-form-control wpcf7-text\" aria-invalid=\"false\" value=\"\" type=\"text\" name=\"your-subject\" \/><\/span> <\/label>\n<\/p>\n<p><label> Poruka<br \/>\n<span class=\"wpcf7-form-control-wrap\" data-name=\"your-message\"><textarea cols=\"40\" rows=\"10\" maxlength=\"2000\" class=\"wpcf7-form-control wpcf7-textarea\" aria-invalid=\"false\" name=\"your-message\"><\/textarea><\/span> <\/label>\n<\/p>\n<p><input class=\"wpcf7-form-control wpcf7-submit has-spinner\" type=\"submit\" value=\"Po\u0161alji\" \/>\n<\/p><div class=\"wpcf7-response-output\" aria-hidden=\"true\"><\/div>\n<\/form>\n<\/div>\n[\/vc_column_text][\/vc_column][\/vc_row]<\/p>\n","protected":false},"excerpt":{"rendered":"<p>[vc_row full_width=&#8221;stretch_row_content&#8221; css=&#8221;.vc_custom_1599511436698{margin-top: -120px !important;}&#8221;][vc_column parallax=&#8221;content-moving-fade&#8221; css=&#8221;.vc_custom_1599510637603{background-position: center !important;background-repeat: no-repeat !important;background-size: contain !important;}&#8221;][\/vc_column][\/vc_row][vc_row gap=&#8221;30&#8243; css=&#8221;.vc_custom_1489406662819{margin-top: -8px !important;margin-bottom: 51px !important;}&#8221;][vc_column width=&#8221;1\/3&#8243;][pm_vc_infobox infobox_title=&#8221;Originalna receptura&#8221; infobox_text=&#8221;U\u017eivajte u pizzi s originalnim, hrvatskim potpisom.&#8221; infobox_bg_image=&#8221;1222&#8243; infobox_bg_image_status=&#8221;true&#8221;][\/vc_column][vc_column width=&#8221;1\/3&#8243;][pm_vc_infobox infobox_title=&#8221;Kvalitetni sastojci&#8221; infobox_text=&#8221;Svaka namirnica sti\u017ee od doma\u0107ih i lokalnih OPG-a.&#8221; infobox_bg_image=&#8221;1176&#8243; infobox_bg_image_status=&#8221;true&#8221;][\/vc_column][vc_column width=&#8221;1\/3&#8243;][pm_vc_infobox infobox_title=&#8221;Brza dostava&#8221; infobox_text=&#8221;Zovemo se Pizza Factory i na\u0161u dostavu sigurno [&hellip;]<\/p>\n","protected":false},"author":1,"featured_media":0,"parent":0,"menu_order":0,"comment_status":"closed","ping_status":"closed","template":"","meta":{"footnotes":""},"class_list":["post-442","page","type-page","status-publish","hentry"],"_links":{"self":[{"href":"https:\/\/pizza-factory.hr\/index.php?rest_route=\/wp\/v2\/pages\/442","targetHints":{"allow":["GET"]}}],"collection":[{"href":"https:\/\/pizza-factory.hr\/index.php?rest_route=\/wp\/v2\/pages"}],"about":[{"href":"https:\/\/pizza-factory.hr\/index.php?rest_route=\/wp\/v2\/types\/page"}],"author":[{"embeddable":true,"href":"https:\/\/pizza-factory.hr\/index.php?rest_route=\/wp\/v2\/users\/1"}],"replies":[{"embeddable":true,"href":"https:\/\/pizza-factory.hr\/index.php?rest_route=%2Fwp%2Fv2%2Fcomments&post=442"}],"version-history":[{"count":36,"href":"https:\/\/pizza-factory.hr\/index.php?rest_route=\/wp\/v2\/pages\/442\/revisions"}],"predecessor-version":[{"id":2367,"href":"https:\/\/pizza-factory.hr\/index.php?rest_route=\/wp\/v2\/pages\/442\/revisions\/2367"}],"wp:attachment":[{"href":"https:\/\/pizza-factory.hr\/index.php?rest_route=%2Fwp%2Fv2%2Fmedia&parent=442"}],"curies":[{"name":"wp","href":"https:\/\/api.w.org\/{rel}","templated":true}]}}